{"id":49,"date":"2014-11-01T14:12:40","date_gmt":"2014-11-01T13:12:40","guid":{"rendered":"http:\/\/hvezda.orlicemb.cz\/subdom\/hvezda\/?page_id=49"},"modified":"2025-01-15T13:24:48","modified_gmt":"2025-01-15T12:24:48","slug":"co-sebou-na-schuzku","status":"publish","type":"page","link":"https:\/\/hvezda.orlicemb.cz\/subdom\/hvezda\/pro-rodice-a-novacky\/co-sebou-na-schuzku\/","title":{"rendered":"Co s sebou na sch\u016fzku"},"content":{"rendered":"<p>Den\u00edk, tu\u017eku a propisku, skautskou stezku, odd\u00edlov\u00e9 tri\u010dko, \u0161\u00e1tek, uzlova\u010dku, n\u016f\u017e, l\u00e9k\u00e1rnu, KPZ, 3 hadrov\u00e9 koule<\/p>\n<div data-carousel-extra='{\"blog_id\":1,\"permalink\":\"https:\\\/\\\/hvezda.orlicemb.cz\\\/subdom\\\/hvezda\\\/pro-rodice-a-novacky\\\/co-sebou-na-schuzku\\\/\"}' class=\"tiled-gallery type-rectangular\" data-original-width=\"580\"><div class=\"gallery-row\" style=\"width: 575px; height: 297px;\"><div class=\"gallery-group images-1\" style=\"width: 312px; height: 301px;\"><div class=\"tiled-gallery-item tiled-gallery-item-large\"><a href=\"https:\/\/hvezda.orlicemb.cz\/subdom\/hvezda\/pro-rodice-a-novacky\/co-sebou-na-schuzku\/denik\/\"><img loading=\"lazy\" decoding=\"async\" data-attachment-id=\"723\" data-orig-file=\"https:\/\/hvezda.orlicemb.cz\/subdom\/hvezda\/wp-content\/uploads\/2014\/11\/denik.png\" data-orig-size=\"223,215\" data-comments-opened=\"1\" data-image-meta=\"{&quot;aperture&quot;:&quot;0&quot;,&quot;credit&quot;:&quot;&quot;,&quot;camera&quot;:&quot;&quot;,&quot;caption&quot;:&quot;&quot;,&quot;created_timestamp&quot;:&quot;0&quot;,&quot;copyright&quot;:&quot;&quot;,&quot;focal_length&quot;:&quot;0&quot;,&quot;iso&quot;:&quot;0&quot;,&quot;shutter_speed&quot;:&quot;0&quot;,&quot;title&quot;:&quot;&quot;,&quot;orientation&quot;:&quot;0&quot;}\" data-image-title=\"denik\" data-image-description=\"\" data-medium-file=\"https:\/\/hvezda.orlicemb.cz\/subdom\/hvezda\/wp-content\/uploads\/2014\/11\/denik.png\" data-large-file=\"https:\/\/hvezda.orlicemb.cz\/subdom\/hvezda\/wp-content\/uploads\/2014\/11\/denik.png\" src=\"https:\/\/hvezda.orlicemb.cz\/subdom\/hvezda\/wp-content\/uploads\/2014\/11\/denik.png\" width=\"308\" height=\"297\" align=\"left\" title=\"denik\" \/><\/a><\/div><\/div><div class=\"gallery-group images-2\" style=\"width: 263px; height: 301px;\"><div class=\"tiled-gallery-item tiled-gallery-item-large\"><a href=\"https:\/\/hvezda.orlicemb.cz\/subdom\/hvezda\/pro-rodice-a-novacky\/co-sebou-na-schuzku\/propiska\/\"><img loading=\"lazy\" decoding=\"async\" data-attachment-id=\"726\" data-orig-file=\"https:\/\/hvezda.orlicemb.cz\/subdom\/hvezda\/wp-content\/uploads\/2014\/11\/propiska.jpg\" data-orig-size=\"661,254\" data-comments-opened=\"1\" data-image-meta=\"{&quot;aperture&quot;:&quot;0&quot;,&quot;credit&quot;:&quot;&quot;,&quot;camera&quot;:&quot;&quot;,&quot;caption&quot;:&quot;&quot;,&quot;created_timestamp&quot;:&quot;0&quot;,&quot;copyright&quot;:&quot;&quot;,&quot;focal_length&quot;:&quot;0&quot;,&quot;iso&quot;:&quot;0&quot;,&quot;shutter_speed&quot;:&quot;0&quot;,&quot;title&quot;:&quot;&quot;,&quot;orientation&quot;:&quot;0&quot;}\" data-image-title=\"propiska\" data-image-description=\"\" data-medium-file=\"https:\/\/hvezda.orlicemb.cz\/subdom\/hvezda\/wp-content\/uploads\/2014\/11\/propiska-300x115.jpg\" data-large-file=\"https:\/\/hvezda.orlicemb.cz\/subdom\/hvezda\/wp-content\/uploads\/2014\/11\/propiska.jpg\" src=\"https:\/\/hvezda.orlicemb.cz\/subdom\/hvezda\/wp-content\/uploads\/2014\/11\/propiska-259x99.jpg\" width=\"259\" height=\"99\" align=\"left\" title=\"propiska\" \/><\/a><\/div><div class=\"tiled-gallery-item tiled-gallery-item-large\"><a href=\"https:\/\/hvezda.orlicemb.cz\/subdom\/hvezda\/pro-rodice-a-novacky\/co-sebou-na-schuzku\/brozura-v2-4\/\"><img loading=\"lazy\" decoding=\"async\" data-attachment-id=\"722\" data-orig-file=\"https:\/\/hvezda.orlicemb.cz\/subdom\/hvezda\/wp-content\/uploads\/2014\/11\/brozura-v2.png\" data-orig-size=\"640,480\" data-comments-opened=\"1\" data-image-meta=\"{&quot;aperture&quot;:&quot;0&quot;,&quot;credit&quot;:&quot;&quot;,&quot;camera&quot;:&quot;&quot;,&quot;caption&quot;:&quot;&quot;,&quot;created_timestamp&quot;:&quot;0&quot;,&quot;copyright&quot;:&quot;&quot;,&quot;focal_length&quot;:&quot;0&quot;,&quot;iso&quot;:&quot;0&quot;,&quot;shutter_speed&quot;:&quot;0&quot;,&quot;title&quot;:&quot;&quot;,&quot;orientation&quot;:&quot;0&quot;}\" data-image-title=\"brozura-v2\" data-image-description=\"\" data-medium-file=\"https:\/\/hvezda.orlicemb.cz\/subdom\/hvezda\/wp-content\/uploads\/2014\/11\/brozura-v2-300x225.png\" data-large-file=\"https:\/\/hvezda.orlicemb.cz\/subdom\/hvezda\/wp-content\/uploads\/2014\/11\/brozura-v2.png\" src=\"https:\/\/hvezda.orlicemb.cz\/subdom\/hvezda\/wp-content\/uploads\/2014\/11\/brozura-v2-259x194.png\" width=\"259\" height=\"194\" align=\"left\" title=\"brozura-v2\" \/><\/a><\/div><\/div><\/div><div class=\"gallery-row\" style=\"width: 575px; height: 265px;\"><div class=\"gallery-group images-1\" style=\"width: 230px; height: 269px;\"><div class=\"tiled-gallery-item tiled-gallery-item-small\"><a href=\"https:\/\/hvezda.orlicemb.cz\/subdom\/hvezda\/pro-rodice-a-novacky\/co-sebou-na-schuzku\/novackovska\/\"><img loading=\"lazy\" decoding=\"async\" data-attachment-id=\"725\" data-orig-file=\"https:\/\/hvezda.orlicemb.cz\/subdom\/hvezda\/wp-content\/uploads\/2014\/11\/novackovska.jpg\" data-orig-size=\"306,360\" data-comments-opened=\"1\" data-image-meta=\"{&quot;aperture&quot;:&quot;0&quot;,&quot;credit&quot;:&quot;&quot;,&quot;camera&quot;:&quot;&quot;,&quot;caption&quot;:&quot;&quot;,&quot;created_timestamp&quot;:&quot;0&quot;,&quot;copyright&quot;:&quot;&quot;,&quot;focal_length&quot;:&quot;0&quot;,&quot;iso&quot;:&quot;0&quot;,&quot;shutter_speed&quot;:&quot;0&quot;,&quot;title&quot;:&quot;&quot;,&quot;orientation&quot;:&quot;1&quot;}\" data-image-title=\"novackovska\" data-image-description=\"\" data-medium-file=\"https:\/\/hvezda.orlicemb.cz\/subdom\/hvezda\/wp-content\/uploads\/2014\/11\/novackovska-255x300.jpg\" data-large-file=\"https:\/\/hvezda.orlicemb.cz\/subdom\/hvezda\/wp-content\/uploads\/2014\/11\/novackovska.jpg\" src=\"https:\/\/hvezda.orlicemb.cz\/subdom\/hvezda\/wp-content\/uploads\/2014\/11\/novackovska-226x265.jpg\" width=\"226\" height=\"265\" align=\"left\" title=\"novackovska\" \/><\/a><\/div><\/div><div class=\"gallery-group images-1\" style=\"width: 345px; height: 269px;\"><div class=\"tiled-gallery-item tiled-gallery-item-large\"><a href=\"https:\/\/hvezda.orlicemb.cz\/subdom\/hvezda\/pro-rodice-a-novacky\/co-sebou-na-schuzku\/satek\/\"><img loading=\"lazy\" decoding=\"async\" data-attachment-id=\"728\" data-orig-file=\"https:\/\/hvezda.orlicemb.cz\/subdom\/hvezda\/wp-content\/uploads\/2014\/11\/\u0161\u00e1tek.png\" data-orig-size=\"900,700\" data-comments-opened=\"1\" data-image-meta=\"{&quot;aperture&quot;:&quot;0&quot;,&quot;credit&quot;:&quot;&quot;,&quot;camera&quot;:&quot;&quot;,&quot;caption&quot;:&quot;&quot;,&quot;created_timestamp&quot;:&quot;0&quot;,&quot;copyright&quot;:&quot;&quot;,&quot;focal_length&quot;:&quot;0&quot;,&quot;iso&quot;:&quot;0&quot;,&quot;shutter_speed&quot;:&quot;0&quot;,&quot;title&quot;:&quot;&quot;,&quot;orientation&quot;:&quot;0&quot;}\" data-image-title=\"\u0161\u00e1tek\" data-image-description=\"\" data-medium-file=\"https:\/\/hvezda.orlicemb.cz\/subdom\/hvezda\/wp-content\/uploads\/2014\/11\/\u0161\u00e1tek-300x233.png\" data-large-file=\"https:\/\/hvezda.orlicemb.cz\/subdom\/hvezda\/wp-content\/uploads\/2014\/11\/\u0161\u00e1tek.png\" src=\"https:\/\/hvezda.orlicemb.cz\/subdom\/hvezda\/wp-content\/uploads\/2014\/11\/\u0161\u00e1tek-341x265.png\" width=\"341\" height=\"265\" align=\"left\" title=\"\u0161\u00e1tek\" \/><\/a><\/div><\/div><\/div><div class=\"gallery-row\" style=\"width: 575px; height: 265px;\"><div class=\"gallery-group images-2\" style=\"width: 218px; height: 269px;\"><div class=\"tiled-gallery-item tiled-gallery-item-small\"><a href=\"https:\/\/hvezda.orlicemb.cz\/subdom\/hvezda\/pro-rodice-a-novacky\/co-sebou-na-schuzku\/uzlovacka\/\"><img loading=\"lazy\" decoding=\"async\" data-attachment-id=\"729\" data-orig-file=\"https:\/\/hvezda.orlicemb.cz\/subdom\/hvezda\/wp-content\/uploads\/2014\/11\/Uzlova\u010dka.jpg\" data-orig-size=\"4608,3072\" data-comments-opened=\"1\" data-image-meta=\"{&quot;aperture&quot;:&quot;4.5&quot;,&quot;credit&quot;:&quot;&quot;,&quot;camera&quot;:&quot;NIKON D3100&quot;,&quot;caption&quot;:&quot;&quot;,&quot;created_timestamp&quot;:&quot;1433963621&quot;,&quot;copyright&quot;:&quot;&quot;,&quot;focal_length&quot;:&quot;180&quot;,&quot;iso&quot;:&quot;2800&quot;,&quot;shutter_speed&quot;:&quot;0.002&quot;,&quot;title&quot;:&quot;&quot;,&quot;orientation&quot;:&quot;1&quot;}\" data-image-title=\"Uzlova\u010dka\" data-image-description=\"\" data-medium-file=\"https:\/\/hvezda.orlicemb.cz\/subdom\/hvezda\/wp-content\/uploads\/2014\/11\/Uzlova\u010dka-300x200.jpg\" data-large-file=\"https:\/\/hvezda.orlicemb.cz\/subdom\/hvezda\/wp-content\/uploads\/2014\/11\/Uzlova\u010dka-1024x683.jpg\" src=\"https:\/\/hvezda.orlicemb.cz\/subdom\/hvezda\/wp-content\/uploads\/2014\/11\/Uzlova\u010dka-214x143.jpg\" width=\"214\" height=\"143\" align=\"left\" title=\"Uzlova\u010dka\" \/><\/a><\/div><div class=\"tiled-gallery-item tiled-gallery-item-small\"><a href=\"https:\/\/hvezda.orlicemb.cz\/subdom\/hvezda\/pro-rodice-a-novacky\/co-sebou-na-schuzku\/skautsky-nuz\/\"><img loading=\"lazy\" decoding=\"async\" data-attachment-id=\"727\" data-orig-file=\"https:\/\/hvezda.orlicemb.cz\/subdom\/hvezda\/wp-content\/uploads\/2014\/11\/Skautsk\u00fd-n\u016f\u017e.jpg\" data-orig-size=\"500,276\" data-comments-opened=\"1\" data-image-meta=\"{&quot;aperture&quot;:&quot;0&quot;,&quot;credit&quot;:&quot;&quot;,&quot;camera&quot;:&quot;&quot;,&quot;caption&quot;:&quot;&quot;,&quot;created_timestamp&quot;:&quot;0&quot;,&quot;copyright&quot;:&quot;&quot;,&quot;focal_length&quot;:&quot;0&quot;,&quot;iso&quot;:&quot;0&quot;,&quot;shutter_speed&quot;:&quot;0&quot;,&quot;title&quot;:&quot;&quot;,&quot;orientation&quot;:&quot;0&quot;}\" data-image-title=\"Skautsk\u00fd n\u016f\u017e\" data-image-description=\"\" data-medium-file=\"https:\/\/hvezda.orlicemb.cz\/subdom\/hvezda\/wp-content\/uploads\/2014\/11\/Skautsk\u00fd-n\u016f\u017e-300x166.jpg\" data-large-file=\"https:\/\/hvezda.orlicemb.cz\/subdom\/hvezda\/wp-content\/uploads\/2014\/11\/Skautsk\u00fd-n\u016f\u017e.jpg\" src=\"https:\/\/hvezda.orlicemb.cz\/subdom\/hvezda\/wp-content\/uploads\/2014\/11\/Skautsk\u00fd-n\u016f\u017e-214x118.jpg\" width=\"214\" height=\"118\" align=\"left\" title=\"Skautsk\u00fd n\u016f\u017e\" \/><\/a><\/div><\/div><div class=\"gallery-group images-1\" style=\"width: 357px; height: 269px;\"><div class=\"tiled-gallery-item tiled-gallery-item-large\"><a href=\"https:\/\/hvezda.orlicemb.cz\/subdom\/hvezda\/pro-rodice-a-novacky\/co-sebou-na-schuzku\/hadrova-koule\/\"><img loading=\"lazy\" decoding=\"async\" data-attachment-id=\"724\" data-orig-file=\"https:\/\/hvezda.orlicemb.cz\/subdom\/hvezda\/wp-content\/uploads\/2014\/11\/Hadrov\u00e1-koule.jpg\" data-orig-size=\"500,375\" data-comments-opened=\"1\" data-image-meta=\"{&quot;aperture&quot;:&quot;0&quot;,&quot;credit&quot;:&quot;&quot;,&quot;camera&quot;:&quot;&quot;,&quot;caption&quot;:&quot;&quot;,&quot;created_timestamp&quot;:&quot;0&quot;,&quot;copyright&quot;:&quot;&quot;,&quot;focal_length&quot;:&quot;0&quot;,&quot;iso&quot;:&quot;0&quot;,&quot;shutter_speed&quot;:&quot;0&quot;,&quot;title&quot;:&quot;&quot;,&quot;orientation&quot;:&quot;0&quot;}\" data-image-title=\"Hadrov\u00e1 koule\" data-image-description=\"\" data-medium-file=\"https:\/\/hvezda.orlicemb.cz\/subdom\/hvezda\/wp-content\/uploads\/2014\/11\/Hadrov\u00e1-koule-300x225.jpg\" data-large-file=\"https:\/\/hvezda.orlicemb.cz\/subdom\/hvezda\/wp-content\/uploads\/2014\/11\/Hadrov\u00e1-koule.jpg\" src=\"https:\/\/hvezda.orlicemb.cz\/subdom\/hvezda\/wp-content\/uploads\/2014\/11\/Hadrov\u00e1-koule-353x265.jpg\" width=\"353\" height=\"265\" align=\"left\" title=\"Hadrov\u00e1 koule\" \/><\/a><\/div><\/div><\/div><\/div>\n<p><span style=\"text-decoration: underline;\">Na sob\u011b:<\/span><\/p>\n<p>Star\u0161\u00ed oble\u010den\u00ed + skautsk\u00e9 tri\u010dko a \u0161\u00e1tek<\/p>\n<p><span style=\"text-decoration: underline;\">V\u00a0zim\u011b nav\u00edc (od zm\u011bny \u010dasu) :<\/span><\/p>\n<p>P\u0159ez\u016fvky, baterku, zimn\u00ed oble\u010den\u00ed (\u010depici, \u0161\u00e1lu a rukavice)<\/p>\n<p><span style=\"text-decoration: underline;\">Obsah KPZ:<\/span><\/p>\n<p>Tu\u017eka, dopisn\u00ed ob\u00e1lka + zn\u00e1mka, dopisn\u00ed pap\u00edr, mince v\u00a0hodnot\u011b 50,- K\u010d, Dr\u00e1tek, 1m prov\u00e1zku, jehlu, ni\u0165(\u010dern\u00e1, b\u00edl\u00e1, khaki), tkani\u010dka do bot, \u0161pendl\u00edk 3x, sp\u00ednac\u00ed \u0161pendl\u00edk 3x (r\u016fzn\u00e9 velikosti), r\u00fdsov\u00e1\u010dek 4x, knofl\u00edk, kancel\u00e1\u0159sk\u00e1 sponka 1x, \u017eiletka(zabalen\u00e1 v\u00a0pap\u00ed\u0159e!), k\u0159\u00edda, gumi\u010dka, n\u00e1plast, 5x sirka + \u0161krt\u00e1tko, mal\u00e1 sv\u00ed\u010dka, b\u0159ezov\u00e1 k\u016fra<\/p>\n<div data-carousel-extra='{\"blog_id\":1,\"permalink\":\"https:\\\/\\\/hvezda.orlicemb.cz\\\/subdom\\\/hvezda\\\/pro-rodice-a-novacky\\\/co-sebou-na-schuzku\\\/\"}' id='gallery-2' class='gallery galleryid-49 gallery-columns-1 gallery-size-large'><figure class='gallery-item'>\n\t\t\t<div class='gallery-icon landscape'>\n\t\t\t\t<a href='https:\/\/hvezda.orlicemb.cz\/subdom\/hvezda\/pro-rodice-a-novacky\/co-sebou-na-schuzku\/kpz\/'><img loading=\"lazy\" decoding=\"async\" data-attachment-id=\"730\" data-orig-file=\"https:\/\/hvezda.orlicemb.cz\/subdom\/hvezda\/wp-content\/uploads\/2014\/11\/kpz.jpg\" data-orig-size=\"1216,1088\" data-comments-opened=\"1\" data-image-meta=\"{&quot;aperture&quot;:&quot;0&quot;,&quot;credit&quot;:&quot;&quot;,&quot;camera&quot;:&quot;&quot;,&quot;caption&quot;:&quot;&quot;,&quot;created_timestamp&quot;:&quot;0&quot;,&quot;copyright&quot;:&quot;&quot;,&quot;focal_length&quot;:&quot;0&quot;,&quot;iso&quot;:&quot;0&quot;,&quot;shutter_speed&quot;:&quot;0&quot;,&quot;title&quot;:&quot;&quot;,&quot;orientation&quot;:&quot;0&quot;}\" data-image-title=\"kpz\" data-image-description=\"\" data-medium-file=\"https:\/\/hvezda.orlicemb.cz\/subdom\/hvezda\/wp-content\/uploads\/2014\/11\/kpz-300x268.jpg\" data-large-file=\"https:\/\/hvezda.orlicemb.cz\/subdom\/hvezda\/wp-content\/uploads\/2014\/11\/kpz-1024x916.jpg\" width=\"580\" height=\"519\" src=\"https:\/\/hvezda.orlicemb.cz\/subdom\/hvezda\/wp-content\/uploads\/2014\/11\/kpz-1024x916.jpg\" class=\"attachment-large size-large\" alt=\"\" srcset=\"https:\/\/hvezda.orlicemb.cz\/subdom\/hvezda\/wp-content\/uploads\/2014\/11\/kpz-1024x916.jpg 1024w, https:\/\/hvezda.orlicemb.cz\/subdom\/hvezda\/wp-content\/uploads\/2014\/11\/kpz-300x268.jpg 300w, https:\/\/hvezda.orlicemb.cz\/subdom\/hvezda\/wp-content\/uploads\/2014\/11\/kpz.jpg 1216w\" sizes=\"auto, (max-width: 580px) 100vw, 580px\" \/><\/a>\n\t\t\t<\/div><\/figure>\n\t\t<\/div>\n\n<p><span style=\"text-decoration: underline;\">Obsah l\u00e9karni\u010dky:<\/span><\/p>\n<p>Rychloobvaz, ob\u00ednadlo, n\u00e1plast pol\u0161t\u00e1\u0159kov\u00e1, trojc\u00edp\u00fd \u0161\u00e1tek, rou\u0161ka z\u00a0PVC pro d\u00fdch\u00e1n\u00ed z\u00a0\u00fast do \u00fast, \u0161krtidlo, Septonex \u2013 mal\u00fd, leukoplast, mal\u00e9 n\u016f\u017eky, 6x sp\u00ednac\u00ed \u0161pendl\u00edk, kus igelitu 30x30cm, Zyrtec(Zodac)-plat\u00ed\u010dko, vlastn\u00ed l\u00e9ky \u2013 pokud n\u011bjak\u00e9 u\u017e\u00edvate, \u2026<\/p>\n<div data-carousel-extra='{\"blog_id\":1,\"permalink\":\"https:\\\/\\\/hvezda.orlicemb.cz\\\/subdom\\\/hvezda\\\/pro-rodice-a-novacky\\\/co-sebou-na-schuzku\\\/\"}' id='gallery-3' class='gallery galleryid-49 gallery-columns-1 gallery-size-large'><figure class='gallery-item'>\n\t\t\t<div class='gallery-icon landscape'>\n\t\t\t\t<a href='https:\/\/hvezda.orlicemb.cz\/subdom\/hvezda\/pro-rodice-a-novacky\/co-sebou-na-schuzku\/lekarna\/'><img loading=\"lazy\" decoding=\"async\" data-attachment-id=\"731\" data-orig-file=\"https:\/\/hvezda.orlicemb.cz\/subdom\/hvezda\/wp-content\/uploads\/2014\/11\/l\u00e9k\u00e1rna.jpg\" data-orig-size=\"800,800\" data-comments-opened=\"1\" data-image-meta=\"{&quot;aperture&quot;:&quot;0&quot;,&quot;credit&quot;:&quot;&quot;,&quot;camera&quot;:&quot;&quot;,&quot;caption&quot;:&quot;&quot;,&quot;created_timestamp&quot;:&quot;0&quot;,&quot;copyright&quot;:&quot;&quot;,&quot;focal_length&quot;:&quot;0&quot;,&quot;iso&quot;:&quot;0&quot;,&quot;shutter_speed&quot;:&quot;0&quot;,&quot;title&quot;:&quot;&quot;,&quot;orientation&quot;:&quot;0&quot;}\" data-image-title=\"l\u00e9k\u00e1rna\" data-image-description=\"\" data-medium-file=\"https:\/\/hvezda.orlicemb.cz\/subdom\/hvezda\/wp-content\/uploads\/2014\/11\/l\u00e9k\u00e1rna-300x300.jpg\" data-large-file=\"https:\/\/hvezda.orlicemb.cz\/subdom\/hvezda\/wp-content\/uploads\/2014\/11\/l\u00e9k\u00e1rna.jpg\" width=\"580\" height=\"580\" src=\"https:\/\/hvezda.orlicemb.cz\/subdom\/hvezda\/wp-content\/uploads\/2014\/11\/l\u00e9k\u00e1rna.jpg\" class=\"attachment-large size-large\" alt=\"\" srcset=\"https:\/\/hvezda.orlicemb.cz\/subdom\/hvezda\/wp-content\/uploads\/2014\/11\/l\u00e9k\u00e1rna.jpg 800w, https:\/\/hvezda.orlicemb.cz\/subdom\/hvezda\/wp-content\/uploads\/2014\/11\/l\u00e9k\u00e1rna-150x150.jpg 150w, https:\/\/hvezda.orlicemb.cz\/subdom\/hvezda\/wp-content\/uploads\/2014\/11\/l\u00e9k\u00e1rna-300x300.jpg 300w\" sizes=\"auto, (max-width: 580px) 100vw, 580px\" \/><\/a>\n\t\t\t<\/div><\/figure>\n\t\t<\/div>\n\n","protected":false},"excerpt":{"rendered":"<p>Den\u00edk, tu\u017eku a propisku, skautskou stezku, odd\u00edlov\u00e9 tri\u010dko, \u0161\u00e1tek, uzlova\u010dku, n\u016f\u017e, l\u00e9k\u00e1rnu, KPZ, 3 hadrov\u00e9 koule Na sob\u011b: Star\u0161\u00ed oble\u010den\u00ed + skautsk\u00e9 tri\u010dko a \u0161\u00e1tek V\u00a0zim\u011b nav\u00edc (od zm\u011bny \u010dasu) [&hellip;]<\/p>\n","protected":false},"author":2,"featured_media":0,"parent":40,"menu_order":3,"comment_status":"open","ping_status":"closed","template":"","meta":{"footnotes":""},"class_list":["post-49","page","type-page","status-publish","hentry"],"_links":{"self":[{"href":"https:\/\/hvezda.orlicemb.cz\/subdom\/hvezda\/wp-json\/wp\/v2\/pages\/49","targetHints":{"allow":["GET"]}}],"collection":[{"href":"https:\/\/hvezda.orlicemb.cz\/subdom\/hvezda\/wp-json\/wp\/v2\/pages"}],"about":[{"href":"https:\/\/hvezda.orlicemb.cz\/subdom\/hvezda\/wp-json\/wp\/v2\/types\/page"}],"author":[{"embeddable":true,"href":"https:\/\/hvezda.orlicemb.cz\/subdom\/hvezda\/wp-json\/wp\/v2\/users\/2"}],"replies":[{"embeddable":true,"href":"https:\/\/hvezda.orlicemb.cz\/subdom\/hvezda\/wp-json\/wp\/v2\/comments?post=49"}],"version-history":[{"count":7,"href":"https:\/\/hvezda.orlicemb.cz\/subdom\/hvezda\/wp-json\/wp\/v2\/pages\/49\/revisions"}],"predecessor-version":[{"id":1526,"href":"https:\/\/hvezda.orlicemb.cz\/subdom\/hvezda\/wp-json\/wp\/v2\/pages\/49\/revisions\/1526"}],"up":[{"embeddable":true,"href":"https:\/\/hvezda.orlicemb.cz\/subdom\/hvezda\/wp-json\/wp\/v2\/pages\/40"}],"wp:attachment":[{"href":"https:\/\/hvezda.orlicemb.cz\/subdom\/hvezda\/wp-json\/wp\/v2\/media?parent=49"}],"curies":[{"name":"wp","href":"https:\/\/api.w.org\/{rel}","templated":true}]}}