{"id":46,"date":"2014-11-01T14:08:55","date_gmt":"2014-11-01T13:08:55","guid":{"rendered":"http:\/\/hvezda.orlicemb.cz\/subdom\/hvezda\/?page_id=46"},"modified":"2025-01-15T13:23:41","modified_gmt":"2025-01-15T12:23:41","slug":"poplatky-a-registrace","status":"publish","type":"page","link":"https:\/\/hvezda.orlicemb.cz\/subdom\/hvezda\/pro-rodice-a-novacky\/poplatky-a-registrace\/","title":{"rendered":"Poplatky a registrace"},"content":{"rendered":"<h1><span style=\"text-decoration: underline;\">P\u0159ihl\u00e1\u0161ka<\/span><\/h1>\n<p>Pro p\u0159ihl\u00e1\u0161en\u00ed do na\u0161eho odd\u00edlu slou\u017e\u00ed ofici\u00e1ln\u00ed p\u0159ihla\u0161ka, tj. formul\u00e1\u0159 \u00a0&#8222;P\u0159ihl\u00e1\u0161ka mlad\u0161\u00edho \u010dlena JUN\u00c1KA&#8220;. Tato p\u0159ihl\u00e1\u0161ka neobsahuje citliv\u00e9 osobn\u00ed \u00fadaje. A slou\u017e\u00ed jako pap\u00edrov\u00fd dokument, pro dal\u0161\u00ed pou\u017e\u00edvan\u00ed p\u0159i komunikaci s jin\u00fdmi organizacemi, nebo v okam\u017eic\u00edch kdy se n\u011bco stane a \u010dlen nen\u00ed je\u0161t\u011b \u0159\u00e1dn\u011b zaregistrov\u00e1n.<\/p>\n<p>Lze ji z\u00edskat v na\u0161\u00ed klubovn\u011b, u vedouc\u00edho odd\u00edlu.<\/p>\n<h1><span style=\"text-decoration: underline;\">Registrace<\/span><\/h1>\n<p>Z\u00e1kladn\u00ed poplatek neboli tzv. registrace, \u010din\u00ed 800,-K\u010d a odv\u00edj\u00ed se na z\u00e1klad\u011b po\u017eadavku \u00fast\u0159ed\u00ed JUN\u00c1KA. Tuto \u010d\u00e1stku z poloviny tvo\u0159\u00ed registra\u010dn\u00ed poplatek a poji\u0161t\u011bn\u00ed v r\u00e1mci organizace Jun\u00e1k \u2013 \u010desk\u00fd skaut, z. s. a druhou polovinu tvo\u0159\u00ed \u010d\u00e1stka na provoz odd\u00edlu a st\u0159ediska v Moravsk\u00fdch Bud\u011bjovic\u00edch. Registrace se vyb\u00edr\u00e1 v\u017edy na za\u010d\u00e1tku nov\u00e9ho kalend\u00e1\u0159n\u00edho roku. Tento poplatek si vyb\u00edr\u00e1 ka\u017ed\u00fd odd\u00edl s\u00e1m. S t\u00edmto poplatkem je z\u00e1rove\u0148 spojeno vypln\u011bn\u00ed registra\u010dn\u00edho formul\u00e1\u0159e \u010dlena, pokud je\u0161t\u011b nebyl registrov\u00e1n, p\u0159\u00edpadn\u011b pak oprava \u00fadaj\u016f o ji\u017e registrovan\u00fdch \u010dlenech. Na z\u00e1klad\u011b t\u011bchto \u00fadaj\u016f a poplatku je mu pak potvrzeno \u010dlenstv\u00ed pro n\u00e1sleduj\u00edc\u00ed kalend\u00e1\u0159n\u00ed rok.<\/p>\n<p>Registra\u010dn\u00ed \u00fadaje obsahuj\u00ed i data spadaj\u00edc\u00ed pod z\u00e1kon o ochran\u011b osobn\u00edch \u00fadaj\u016f, proto jsou neve\u0159ejn\u00e1 a slou\u017e\u00ed pro pot\u0159eby vedouc\u00edho odd\u00edlu a vnit\u0159n\u00ed pot\u0159eby JUN\u00c1KA.<\/p>\n<h1><span style=\"text-decoration: underline;\">Dal\u0161\u00ed poplatky a n\u00e1klady<\/span><\/h1>\n<p>Skautsk\u00e9 v\u00fdpravy &#8211; v\u011bt\u0161inou se n\u00e1klady na v\u00edkendovou v\u00fdpravu pohybuj\u00ed okolo 200,-K\u010d za m\u011bs\u00edc, z\u00e1le\u017e\u00ed na mno\u017estv\u00ed \u00fa\u010dastn\u00edk\u016f a c\u00edlech akce<\/p>\n<p>V\u011bci na sch\u016fzku &#8211; v\u011bt\u0161inou v\u011bci kter\u00e9 m\u00e1 ka\u017ed\u00fd jist\u011b doma &#8211; cca 150,- K\u010d<\/p>\n<p>Skautsk\u00fd kroj &#8211; cca 600,- K\u010d za ko\u0161ili + z\u00e1kladn\u00ed n\u00e1\u0161ivky<\/p>\n<p>Vybaven\u00ed na v\u00fdpravy &#8211;\u00a0\u00a0viz. &#8222;<a title=\"Pot\u0159ebn\u00e9 vybaven\u00ed\" href=\"http:\/\/hvezda.orlicemb.cz\/subdom\/hvezda\/?page_id=64\">Pot\u0159ebn\u00e9 vybaven\u00ed<\/a>&#8222;<\/p>\n","protected":false},"excerpt":{"rendered":"<p>P\u0159ihl\u00e1\u0161ka Pro p\u0159ihl\u00e1\u0161en\u00ed do na\u0161eho odd\u00edlu slou\u017e\u00ed ofici\u00e1ln\u00ed p\u0159ihla\u0161ka, tj. formul\u00e1\u0159 \u00a0&#8222;P\u0159ihl\u00e1\u0161ka mlad\u0161\u00edho \u010dlena JUN\u00c1KA&#8220;. Tato p\u0159ihl\u00e1\u0161ka neobsahuje citliv\u00e9 osobn\u00ed \u00fadaje. A slou\u017e\u00ed jako pap\u00edrov\u00fd dokument, pro dal\u0161\u00ed pou\u017e\u00edvan\u00ed p\u0159i [&hellip;]<\/p>\n","protected":false},"author":2,"featured_media":0,"parent":40,"menu_order":2,"comment_status":"open","ping_status":"closed","template":"","meta":{"footnotes":""},"class_list":["post-46","page","type-page","status-publish","hentry"],"_links":{"self":[{"href":"https:\/\/hvezda.orlicemb.cz\/subdom\/hvezda\/wp-json\/wp\/v2\/pages\/46","targetHints":{"allow":["GET"]}}],"collection":[{"href":"https:\/\/hvezda.orlicemb.cz\/subdom\/hvezda\/wp-json\/wp\/v2\/pages"}],"about":[{"href":"https:\/\/hvezda.orlicemb.cz\/subdom\/hvezda\/wp-json\/wp\/v2\/types\/page"}],"author":[{"embeddable":true,"href":"https:\/\/hvezda.orlicemb.cz\/subdom\/hvezda\/wp-json\/wp\/v2\/users\/2"}],"replies":[{"embeddable":true,"href":"https:\/\/hvezda.orlicemb.cz\/subdom\/hvezda\/wp-json\/wp\/v2\/comments?post=46"}],"version-history":[{"count":6,"href":"https:\/\/hvezda.orlicemb.cz\/subdom\/hvezda\/wp-json\/wp\/v2\/pages\/46\/revisions"}],"predecessor-version":[{"id":1525,"href":"https:\/\/hvezda.orlicemb.cz\/subdom\/hvezda\/wp-json\/wp\/v2\/pages\/46\/revisions\/1525"}],"up":[{"embeddable":true,"href":"https:\/\/hvezda.orlicemb.cz\/subdom\/hvezda\/wp-json\/wp\/v2\/pages\/40"}],"wp:attachment":[{"href":"https:\/\/hvezda.orlicemb.cz\/subdom\/hvezda\/wp-json\/wp\/v2\/media?parent=46"}],"curies":[{"name":"wp","href":"https:\/\/api.w.org\/{rel}","templated":true}]}}