{"id":369,"date":"2014-11-02T14:18:07","date_gmt":"2014-11-02T13:18:07","guid":{"rendered":"http:\/\/hvezda.orlicemb.cz\/subdom\/hvezda\/?page_id=369"},"modified":"2025-03-10T22:48:41","modified_gmt":"2025-03-10T21:48:41","slug":"vitejte-na-webu-5-oddilu-hvezda","status":"publish","type":"page","link":"https:\/\/hvezda.orlicemb.cz\/subdom\/hvezda\/","title":{"rendered":"5. odd\u00edl Hv\u011bzda"},"content":{"rendered":"\n<p class=\"has-text-align-center\" style=\"font-size:30px\"><\/p>\n\n\n\n<div class=\"wp-block-media-text alignwide has-media-on-the-right is-stacked-on-mobile\" style=\"grid-template-columns:auto 15%\"><div class=\"wp-block-media-text__content\">\n<p class=\"has-text-align-center\" style=\"font-size:32px\">V\u00edtejte na webu 5. odd\u00edlu Hv\u011bzda. Naleznete zde informace o po\u0159\u00e1dan\u00fdch akc\u00edch, \u010dleny na\u0161ich dru\u017ein, veden\u00ed a dal\u0161\u00ed.<\/p>\n<\/div><figure class=\"wp-block-media-text__media\"><img loading=\"lazy\" decoding=\"async\" width=\"1020\" height=\"1024\" src=\"https:\/\/hvezda.orlicemb.cz\/subdom\/hvezda\/wp-content\/uploads\/2025\/03\/SKAUT_logo_obrys_bily-2-1020x1024.png\" alt=\"\" class=\"wp-image-1786 size-full\" srcset=\"https:\/\/hvezda.orlicemb.cz\/subdom\/hvezda\/wp-content\/uploads\/2025\/03\/SKAUT_logo_obrys_bily-2-1020x1024.png 1020w, https:\/\/hvezda.orlicemb.cz\/subdom\/hvezda\/wp-content\/uploads\/2025\/03\/SKAUT_logo_obrys_bily-2-300x300.png 300w, https:\/\/hvezda.orlicemb.cz\/subdom\/hvezda\/wp-content\/uploads\/2025\/03\/SKAUT_logo_obrys_bily-2-150x150.png 150w, https:\/\/hvezda.orlicemb.cz\/subdom\/hvezda\/wp-content\/uploads\/2025\/03\/SKAUT_logo_obrys_bily-2-768x771.png 768w, https:\/\/hvezda.orlicemb.cz\/subdom\/hvezda\/wp-content\/uploads\/2025\/03\/SKAUT_logo_obrys_bily-2-1200x1205.png 1200w, https:\/\/hvezda.orlicemb.cz\/subdom\/hvezda\/wp-content\/uploads\/2025\/03\/SKAUT_logo_obrys_bily-2.png 1225w\" sizes=\"auto, (max-width: 1020px) 100vw, 1020px\" \/><\/figure><\/div>\n\n\n\n<div style=\"height:10px\" aria-hidden=\"true\" class=\"wp-block-spacer\"><\/div>\n\n\n\n<div class=\"wp-block-cover alignfull has-parallax\" style=\"min-height:430px;aspect-ratio:unset;aspect-ratio:unset;\"><div class=\"wp-block-cover__image-background wp-image-1563 size-full has-parallax\" style=\"background-position:50% 50%;background-image:url(http:\/\/hvezda.orlicemb.cz\/subdom\/hvezda\/wp-content\/uploads\/2025\/03\/DSC_0106-scaled.jpg)\"><\/div><span aria-hidden=\"true\" class=\"wp-block-cover__background has-background-dim\" style=\"background-color:#484e3e\"><\/span><div class=\"wp-block-cover__inner-container is-layout-constrained wp-block-cover-is-layout-constrained\">\n<div class=\"wp-block-buttons is-content-justification-center is-layout-flex wp-container-core-buttons-is-layout-1 wp-block-buttons-is-layout-flex\">\n<div class=\"wp-block-button has-custom-width wp-block-button__width-75 is-style-fill\"><a class=\"wp-block-button__link has-text-color has-background has-link-color has-text-align-center wp-element-button\" style=\"border-radius:100px;color:#e1e0e1;background-color:#36393c\">Odd\u00edlov\u00e1 galerie<\/a><\/div>\n<\/div>\n<\/div><\/div>\n\n\n\n<h2 class=\"wp-block-heading has-text-align-center\" style=\"font-size:59px\">Kalend\u00e1\u0159 akc\u00ed<\/h2>\n\n\n\n<div  class=\"tribe-compatibility-container tribe-theme-twentytwenty\" >\n\t<div\n\t\t class=\"tribe-common tribe-events tribe-events-view tribe-events-view--widget-events-list tribe-events-widget\" \t\tdata-js=\"tribe-events-view\"\n\t\tdata-view-rest-url=\"https:\/\/hvezda.orlicemb.cz\/subdom\/hvezda\/wp-json\/tribe\/views\/v2\/html\"\n\t\tdata-view-manage-url=\"1\"\n\t\t\t\t\t\t\tdata-view-breakpoint-pointer=\"c47fdb1d-674d-47fd-98b9-fc5773e6cc06\"\n\t\t\t>\n\t\t<div class=\"tribe-events-widget-events-list\">\n\n\t\t\t\n\t\t\t<script data-js=\"tribe-events-view-data\" type=\"application\/json\">\n\t{\"slug\":\"widget-events-list\",\"prev_url\":\"\",\"next_url\":\"\",\"view_class\":\"Tribe\\\\Events\\\\Views\\\\V2\\\\Views\\\\Widgets\\\\Widget_List_View\",\"view_slug\":\"widget-events-list\",\"view_label\":\"View\",\"view\":null,\"should_manage_url\":true,\"id\":null,\"alias-slugs\":null,\"title\":\"Nadch\\u00e1zej\\u00edc\\u00ed Akce\",\"limit\":\"5\",\"no_upcoming_events\":false,\"featured_events_only\":false,\"jsonld_enable\":true,\"tribe_is_list_widget\":false,\"admin_fields\":{\"title\":{\"label\":\"Nadpis:\",\"type\":\"text\",\"classes\":\"\",\"dependency\":\"\",\"id\":\"widget-tribe-widget-events-list--1-title\",\"name\":\"widget-tribe-widget-events-list[-1][title]\",\"options\":[],\"placeholder\":\"\",\"value\":null},\"limit\":{\"label\":\"Zobrazit:\",\"type\":\"number\",\"default\":5,\"min\":1,\"max\":10,\"step\":1,\"classes\":\"\",\"dependency\":\"\",\"id\":\"widget-tribe-widget-events-list--1-limit\",\"name\":\"widget-tribe-widget-events-list[-1][limit]\",\"options\":[],\"placeholder\":\"\",\"value\":null},\"no_upcoming_events\":{\"label\":\"Skr\\u00fdt widget, pokud neexistuj\\u00ed \\u017e\\u00e1dn\\u00e9 nadch\\u00e1zej\\u00edc\\u00ed ud\\u00e1losti.\",\"type\":\"checkbox\",\"classes\":\"\",\"dependency\":\"\",\"id\":\"widget-tribe-widget-events-list--1-no_upcoming_events\",\"name\":\"widget-tribe-widget-events-list[-1][no_upcoming_events]\",\"options\":[],\"placeholder\":\"\",\"value\":null},\"featured_events_only\":{\"label\":\"Pouze vybran\\u00e9 ud\\u00e1losti\",\"type\":\"checkbox\",\"classes\":\"\",\"dependency\":\"\",\"id\":\"widget-tribe-widget-events-list--1-featured_events_only\",\"name\":\"widget-tribe-widget-events-list[-1][featured_events_only]\",\"options\":[],\"placeholder\":\"\",\"value\":null},\"jsonld_enable\":{\"label\":\"Generov\\u00e1n\\u00ed dat JSON-LD\",\"type\":\"checkbox\",\"classes\":\"\",\"dependency\":\"\",\"id\":\"widget-tribe-widget-events-list--1-jsonld_enable\",\"name\":\"widget-tribe-widget-events-list[-1][jsonld_enable]\",\"options\":[],\"placeholder\":\"\",\"value\":null}},\"events\":[],\"url\":\"https:\\\/\\\/hvezda.orlicemb.cz\\\/subdom\\\/hvezda\\\/?post_type=tribe_events&eventDisplay=widget-events-list\",\"url_event_date\":false,\"bar\":{\"keyword\":\"\",\"date\":\"\"},\"today\":\"2026-05-01 00:00:00\",\"now\":\"2026-05-01 11:31:25\",\"rest_url\":\"https:\\\/\\\/hvezda.orlicemb.cz\\\/subdom\\\/hvezda\\\/wp-json\\\/tribe\\\/views\\\/v2\\\/html\",\"rest_method\":\"POST\",\"rest_nonce\":\"\",\"today_url\":\"https:\\\/\\\/hvezda.orlicemb.cz\\\/subdom\\\/hvezda\\\/?post_type=tribe_events&eventDisplay=widget-events-list&rest_route=%2Fwp%2Fv2%2Fpages%2F369\",\"today_title\":\"Kliknut\\u00edm vyberete dne\\u0161n\\u00ed datum\",\"today_label\":\"Dnes\",\"prev_label\":\"\",\"next_label\":\"\",\"date_formats\":{\"compact\":\"Y-m-d\",\"month_and_year_compact\":\"Y-m\",\"month_and_year\":\"F Y\",\"time_range_separator\":\" - \",\"date_time_separator\":\" I \"},\"messages\":{\"notice\":[\"\\u017d\\u00e1dn\\u00e9 nadch\\u00e1zej\\u00edc\\u00ed ud\\u00e1losti akce.\"]},\"start_of_week\":\"1\",\"header_title\":\"\",\"header_title_element\":\"h1\",\"content_title\":\"\",\"breadcrumbs\":[],\"before_events\":\"\",\"after_events\":\"\\n<!--\\nThis calendar is powered by The Events Calendar.\\nhttp:\\\/\\\/evnt.is\\\/18wn\\n-->\\n\",\"display_events_bar\":false,\"disable_event_search\":false,\"live_refresh\":true,\"ical\":{\"display_link\":true,\"link\":{\"url\":\"https:\\\/\\\/hvezda.orlicemb.cz\\\/subdom\\\/hvezda\\\/?post_type=tribe_events&#038;eventDisplay=widget-events-list&#038;ical=1\",\"text\":\"Export Akce\",\"title\":\"Pro sd\\u00edlen\\u00ed kalend\\u00e1\\u0159ov\\u00fdch dat v aplikaci Kalend\\u00e1\\u0159 Google, Apple iCal nebo jin\\u00e9 kompatibiln\\u00ed\"}},\"container_classes\":[\"tribe-common\",\"tribe-events\",\"tribe-events-view\",\"tribe-events-view--widget-events-list\",\"tribe-events-widget\"],\"container_data\":[],\"is_past\":false,\"breakpoints\":{\"xsmall\":500,\"medium\":768,\"full\":960},\"breakpoint_pointer\":\"c47fdb1d-674d-47fd-98b9-fc5773e6cc06\",\"is_initial_load\":false,\"public_views\":{\"list\":{\"view_class\":\"Tribe\\\\Events\\\\Views\\\\V2\\\\Views\\\\List_View\",\"view_url\":\"https:\\\/\\\/hvezda.orlicemb.cz\\\/subdom\\\/hvezda\\\/events\\\/seznam\\\/\",\"view_label\":\"Seznam\"},\"month\":{\"view_class\":\"Tribe\\\\Events\\\\Views\\\\V2\\\\Views\\\\Month_View\",\"view_url\":\"https:\\\/\\\/hvezda.orlicemb.cz\\\/subdom\\\/hvezda\\\/events\\\/mesic\\\/\",\"view_label\":\"M\\u011bs\\u00edc\"},\"day\":{\"view_class\":\"Tribe\\\\Events\\\\Views\\\\V2\\\\Views\\\\Day_View\",\"view_url\":\"https:\\\/\\\/hvezda.orlicemb.cz\\\/subdom\\\/hvezda\\\/events\\\/dnes\\\/\",\"view_label\":\"Den\"}},\"show_latest_past\":false,\"past\":false,\"compatibility_classes\":[\"tribe-compatibility-container\",\"tribe-theme-twentytwenty\"],\"view_more_text\":\"Zobrazit kalend\\u00e1\\u0159\",\"view_more_title\":\"Zobrazit v\\u00edce akce.\",\"view_more_link\":\"https:\\\/\\\/hvezda.orlicemb.cz\\\/subdom\\\/hvezda\\\/events\\\/\",\"widget_title\":\"Nadch\\u00e1zej\\u00edc\\u00ed ud\\u00e1losti\",\"hide_if_no_upcoming_events\":false,\"display\":[],\"subscribe_links\":{\"gcal\":{\"label\":\"Kalend\\u00e1\\u0159 Google\",\"single_label\":\"P\\u0159idat do Google Kalend\\u00e1\\u0159e\",\"visible\":true,\"block_slug\":\"hasGoogleCalendar\"},\"ical\":{\"label\":\"iCalendar\",\"single_label\":\"P\\u0159idat do iCalendar\",\"visible\":true,\"block_slug\":\"hasiCal\"},\"outlook-365\":{\"label\":\"Outlook 365\",\"single_label\":\"Outlook 365\",\"visible\":true,\"block_slug\":\"hasOutlook365\"},\"outlook-live\":{\"label\":\"Outlook Live\",\"single_label\":\"Outlook Live\",\"visible\":true,\"block_slug\":\"hasOutlookLive\"},\"ics\":{\"label\":\"Export .ics souboru\",\"single_label\":\"Export .ics souboru\",\"visible\":true,\"block_slug\":null},\"outlook-ics\":{\"label\":\"Export Outlook .ics file\",\"single_label\":\"Export Outlook .ics file\",\"visible\":true,\"block_slug\":null}},\"_context\":{\"slug\":\"widget-events-list\"}}<\/script>\n\n\t\t\t\t\t\t\t<header class=\"tribe-events-widget-events-list__header\">\n\t\t\t\t\t<h2 class=\"tribe-events-widget-events-list__header-title tribe-common-h6 tribe-common-h--alt\">\n\t\t\t\t\t\tNadch\u00e1zej\u00edc\u00ed ud\u00e1losti\t\t\t\t\t<\/h2>\n\t\t\t\t<\/header>\n\t\t\t\n\t\t\t\n\t\t\t\t<div  class=\"tribe-events-header__messages tribe-events-c-messages tribe-common-b2\"  >\n\t\t\t<div class=\"tribe-events-c-messages__message tribe-events-c-messages__message--notice\" role=\"alert\">\n\t\t\t<svg  class=\"tribe-common-c-svgicon tribe-common-c-svgicon--messages-not-found tribe-events-c-messages__message-icon-svg\"  viewBox=\"0 0 21 23\" xmlns=\"http:\/\/www.w3.org\/2000\/svg\"><g fill-rule=\"evenodd\"><path d=\"M.5 2.5h20v20H.5z\"\/><path stroke-linecap=\"round\" d=\"M7.583 11.583l5.834 5.834m0-5.834l-5.834 5.834\" class=\"tribe-common-c-svgicon__svg-stroke\"\/><path stroke-linecap=\"round\" d=\"M4.5.5v4m12-4v4\"\/><path stroke-linecap=\"square\" d=\"M.5 7.5h20\"\/><\/g><\/svg>\n\t\t\t<ul class=\"tribe-events-c-messages__message-list\" role=\"alert\" aria-live=\"polite\">\n\t\t\t\t\t\t\t\t\t<li\n\t\t\t\t\t\tclass=\"tribe-events-c-messages__message-list-item\"\n\t\t\t\t\t\t data-key=\"0\" \t\t\t\t\t>\n\t\t\t\t\t\u017d\u00e1dn\u00e9 nadch\u00e1zej\u00edc\u00ed ud\u00e1losti akce.\t\t\t\t\t<\/li>\n\t\t\t\t\t\t\t<\/ul>\n\t\t<\/div>\n\t<\/div>\n\n\t\t\t\t\t<\/div>\n\t<\/div>\n<\/div>\n<script data-js='tribe-events-view-nonce-data' type='application\/json'>{\"_tec_view_rest_nonce_primary\":\"d0ebcd0377\",\"_tec_view_rest_nonce_secondary\":\"\"}<\/script>\n\n\n\n<p><\/p>\n","protected":false},"excerpt":{"rendered":"<p>V\u00edtejte na webu 5. odd\u00edlu Hv\u011bzda. Naleznete zde informace o po\u0159\u00e1dan\u00fdch akc\u00edch, \u010dleny na\u0161ich dru\u017ein, veden\u00ed a dal\u0161\u00ed. Kalend\u00e1\u0159 akc\u00ed<\/p>\n","protected":false},"author":2,"featured_media":0,"parent":163,"menu_order":0,"comment_status":"closed","ping_status":"closed","template":"","meta":{"footnotes":""},"class_list":["post-369","page","type-page","status-publish","hentry"],"_links":{"self":[{"href":"https:\/\/hvezda.orlicemb.cz\/subdom\/hvezda\/wp-json\/wp\/v2\/pages\/369","targetHints":{"allow":["GET"]}}],"collection":[{"href":"https:\/\/hvezda.orlicemb.cz\/subdom\/hvezda\/wp-json\/wp\/v2\/pages"}],"about":[{"href":"https:\/\/hvezda.orlicemb.cz\/subdom\/hvezda\/wp-json\/wp\/v2\/types\/page"}],"author":[{"embeddable":true,"href":"https:\/\/hvezda.orlicemb.cz\/subdom\/hvezda\/wp-json\/wp\/v2\/users\/2"}],"replies":[{"embeddable":true,"href":"https:\/\/hvezda.orlicemb.cz\/subdom\/hvezda\/wp-json\/wp\/v2\/comments?post=369"}],"version-history":[{"count":111,"href":"https:\/\/hvezda.orlicemb.cz\/subdom\/hvezda\/wp-json\/wp\/v2\/pages\/369\/revisions"}],"predecessor-version":[{"id":1803,"href":"https:\/\/hvezda.orlicemb.cz\/subdom\/hvezda\/wp-json\/wp\/v2\/pages\/369\/revisions\/1803"}],"up":[{"embeddable":true,"href":"https:\/\/hvezda.orlicemb.cz\/subdom\/hvezda\/wp-json\/wp\/v2\/pages\/163"}],"wp:attachment":[{"href":"https:\/\/hvezda.orlicemb.cz\/subdom\/hvezda\/wp-json\/wp\/v2\/media?parent=369"}],"curies":[{"name":"wp","href":"https:\/\/api.w.org\/{rel}","templated":true}]}}