{"id":339,"date":"2014-11-02T12:59:38","date_gmt":"2014-11-02T11:59:38","guid":{"rendered":"http:\/\/hvezda.orlicemb.cz\/subdom\/hvezda\/?page_id=339"},"modified":"2025-03-09T17:15:46","modified_gmt":"2025-03-09T16:15:46","slug":"batohy","status":"publish","type":"page","link":"https:\/\/hvezda.orlicemb.cz\/subdom\/hvezda\/pro-rodice-a-novacky\/potrebne-vybaveni\/batohy\/","title":{"rendered":"Batohy"},"content":{"rendered":"<p>Zdrav\u00edm \u010dleny 5, odd\u00edlu, rodi\u010de a n\u00e1hodn\u00e9 \u010dten\u00e1\u0159e,<\/p>\n<p>c\u00edlem n\u00e1sleduj\u00edc\u00edho \u010dl\u00e1nku, je \u010dten\u00e1\u0159e obezn\u00e1mit s t\u00edm na co si d\u00e1t pozor, kdy\u017e vyb\u00edr\u00e1me vhodn\u00fd batoh.<\/p>\n<p>N\u00ed\u017ee jsem pak vybral typy\u00a0batoh\u016f, kter\u00e9 jsou vhodn\u00e9 pro \u010dleny na\u0161eho odd\u00edlu s dopln\u011bn\u00edm o vlastn\u00ed post\u0159ehy k jednotliv\u00fdm batoh\u016fm.<\/p>\n<p>Tipy a triky p\u0159i v\u00fdb\u011bru batohu:<\/p>\n<p>1. Stanovit si na co ho chci<\/p>\n<p>2. D\u00e1le doporu\u010duji batohy s nastaviteln\u00fdm z\u00e1dov\u00fdm syst\u00e9mem =&gt; mohou si je p\u016fj\u010dovat r\u016fzn\u011b vysok\u00e9 osoby.<\/p>\n<p>3. Pokud si budete batoh zkou\u0161et v kamen\u00e9m obchod\u011b, pak ve v\u011bt\u0161in\u011b prodejen si lze u\u017e za\u017e\u00e1dat aby v\u00e1m ho n\u011b\u010d\u00edm naplnili a mohli si ho vyzkou\u0161et jak sed\u00ed na z\u00e1dech. Pozor na vnit\u0159n\u00ed plastov\u00e9 v\u00fdztu\u017ee u bedern\u00edch p\u00e1s\u016f mohou rozed\u00edrat boky, pokud batoh \u0161patn\u011b sed\u00ed.<\/p>\n<p>Vybral jsem batohy, se kter\u00fdmi m\u00e1m osobn\u00ed, nebo n\u011bkdo zn\u00e1m\u00fd dobrou zku\u0161enost. V\u011bt\u0161ina batoh\u016f si je velmi podobn\u00e1 a cena se pohybuje v cenov\u00e9 hladin\u011b 1900- 2400,-K\u010d. Popis batohu si m\u016f\u017eete p\u0159e\u010d\u00edst p\u0159\u00edmo v odkaze na batoh, pod odkazem jsou m\u00e9 p\u0159ipom\u00ednky. Pros\u00edm ne\u0159i\u010fte se cenami batohu u nich uveden\u00fdmi. Daj\u00ed se mo\u017en\u00e1 sehnat trochu levn\u011bji, ne\u017e v odkaze kter\u00fd jsem uvedl. Pokud si zad\u00e1te na Seznamu odr\u00e1\u017eku zbo\u017e\u00ed (podobn\u011b jako nap\u0159. mapy) a vlo\u017e\u00edte jm\u00e9no batohu, tak v\u00e1m to vyhled\u00e1 r\u016fzn\u00e9 cennov\u00e9 nab\u00eddky, kter\u00e9 jsou na internetu. Rozd\u00edl m\u016f\u017ee b\u00fdt i 300,-K\u010d. Doporu\u010duji si, ale batoh n\u011bkde osobn\u011b vyzkou\u0161et, a pak objednat po internetu. Samoz\u0159ejm\u011b je nutn\u00e9 zv\u00e1\u017eit cenu po\u0161tovn\u00e9ho a p\u0159\u00edpadn\u00e9 probl\u00e9my s reklamac\u00ed.<\/p>\n<p>1. <a href=\"http:\/\/www.gemmasport.cz\/expedition-60-cordura\">http:\/\/www.gemmasport.cz\/expedition-60-cordura<\/a><br \/>\n-s t\u00edmto batohem m\u00e1m velice dobrou zku\u0161enost, slou\u017eil mi intenzivn\u011b 10 let, a st\u00e1le slou\u017eit m\u016f\u017ee. Pouze jsem ho vym\u011bnil za objemn\u011bj\u0161\u00ed. Dnes m\u00e1 i tu v\u00fdhodu, \u017ee se k n\u011bmu lze p\u0159ikoupit mal\u00fd bat\u016f\u017eek + dal\u0161\u00ed dopl\u0148ky.<br \/>\n&#8211; velikosti jsou 50L, 60L, 75L &#8211; doporu\u010duji 60L. M\u00e1 v\u00edce barevn\u00fdch variant. V Brn\u011b je p\u0159\u00edmo prodejna GEMMA, kde lze i nechat batoh p\u0159\u00edmo odborn\u011b opravit, neodborn\u011b to jde i v kdejak\u00e9m bra\u0161n\u00e1\u0159stv\u00ed. Mohu zjistit, jestli poskytuj\u00ed slevu na ISIC(co\u017e v r\u016fzn\u00fdch obchodech b\u00fdv\u00e1 kolem 4 &#8211; 8%) a p\u0159\u00edpadn\u011b V\u00e1m ho zakoupit a dov\u00e9zt.<\/p>\n<p>2. <a href=\"http:\/\/www.gemmasport.cz\/turist-65-cordura\">http:\/\/www.gemmasport.cz\/turist-65-cordura<\/a><br \/>\n&#8211; s t\u00edmto batohem nem\u00e1m p\u0159imou zku\u0161enost, ale star\u0161\u00ed typ m\u011bli n\u011bkte\u010d\u00ed na\u0161i vedouc\u00ed po dlouhou dobu a byli s n\u00edm spokojeni. Tento nov\u00fd typ u\u017e jsem vid\u011bl, \u017ee si ho zakoupily n\u011bkter\u00e9 skautky.<br \/>\n&#8211; t\u00edm, \u017ee ho lze otev\u0159\u00edt zep\u0159edu se d\u00e1 rychleji sbalit a nebo v n\u011bm n\u011bco rychleji naj\u00edt. Na druhou stranu, pokud se zip porouch\u00e1, nastane probl\u00e9m. Dnes jsou zipy na t\u011bchto batoz\u00edch velice kvalitn\u00ed a pokud se jim ne\u010din\u00ed nep\u0159im\u011b\u0159en\u00e9 n\u00e1sil\u00ed, pak spolehliv\u011b vydr\u017e\u00ed. Co se t\u00fdka m\u011b, preferuji batohy s horn\u00edm pln\u011bn\u00edm, kde je minimum zip\u016f. V hor\u00e1ch je t\u011b\u017eko oprav\u00edte.<\/p>\n<p>Jinak co se t\u00fdk\u00e1 zip\u016f jedn\u011bmi z nejlep\u0161\u00edch jsou zna\u010dky YKK, jsou to zipy kter\u00e9 jsou velmi spolehliv\u00e9, pou\u017e\u00edvaj\u00ed se i na spac\u00e1ky, sohftshellov\u00e9 mikyny atd.<br \/>\nTyto zipy lze zakoupit v Mod\u0159ic\u00edch u Brna. Proto je dobr\u00e9 se d\u00edvat u batoh\u016f jak\u00e9 maj\u00ed zipy.<\/p>\n<p>3. <a href=\"http:\/\/www.sambarsport.cz\/velke-nad-50-litru\/tramp-trek-50-60-cordura-batoh\">http:\/\/www.sambarsport.cz\/velke-nad-50-litru\/tramp-trek-50-60-cordura-batoh<\/a><br \/>\n&#8211; nem\u00e1m s touto firmou p\u0159\u00edmou zku\u0161enost, ale v diskuz\u00edch na internetu si tyto batohy pom\u011brn\u011b chv\u00e1lili a doporu\u010duj\u00ed varianty proveden\u00e9 z materi\u00e1lu CORDURA(viz. n\u00ed\u017ee). T\u00edm je batoh o cca 300,- K\u010d dra\u017e\u0161\u00ed ne\u017e b\u011b\u017en\u00e1 verze(1900,-K\u010d), ale m\u00e9n\u011b se pr\u00fd p\u00e1\u0159e + m\u00e1 dal\u0161\u00ed v\u00fdhody.<\/p>\n<p>CORDURA &#8211; Je velmi pevn\u00e1 a odoln\u00e1 tkanina z texturovan\u00fdch polyamidov\u00fdch vl\u00e1ken, kter\u00e9 se vyzna\u010duj\u00ed obrovskou pevnost\u00ed a odolnost\u00ed v\u016f\u010di ot\u011bru a jin\u00fdm mechanick\u00fdm rizik\u016fm po\u0161kozen\u00ed. Vhodn\u00e1 struktura vl\u00e1ken a sofistikovan\u00e1 metoda tkan\u00ed m\u00e1 za n\u00e1sledek skute\u010dnost, \u017ee v\u00fdrobky z Cordury jsou n\u011bkolikr\u00e1t odoln\u011bj\u0161\u00ed ve srovn\u00e1n\u00ed s tradi\u010dn\u00edm nylonem. Tyto vlastnosti jsou pe\u010dliv\u011b sledov\u00e1ny a kontrolov\u00e1ny firmou DuPont a pouze ty nejkvalitn\u011bj\u0161\u00ed materi\u00e1ly spl\u0148uj\u00edc\u00ed p\u0159\u00edslu\u0161n\u00e1 krit\u00e9ria m\u016f\u017eou nosit ozna\u010den\u00ed Cordura\u00ae by DuPont.<\/p>\n<p>4. <a href=\"http:\/\/www.sambarsport.cz\/velke-nad-50-litru\/tramp-yukon-60-5-batoh\">http:\/\/www.sambarsport.cz\/velke-nad-50-litru\/tramp-yukon-60-5-batoh<\/a><br \/>\n&#8211; viz batoh v\u00fd\u0161e, jedin\u00fd rozd\u00edl je v tom co lze na batoh p\u0159ipnout &#8211; viz. popis v odkazech.<\/p>\n<p>5. <a href=\"http:\/\/www.scoutdoor.cz\/tramp-sherpa-70-5\/\">http:\/\/www.scoutdoor.cz\/tramp-sherpa-70-5\/<\/a><br \/>\n&#8211; viz batoh v\u00fd\u0161e, jedin\u00fd rozd\u00edl je v tom co lze na batoh p\u0159ipnout &#8211; viz. popis v odkazech, d\u00e1le je o n\u011bco \u0161ir\u0161\u00ed, tak\u017ee v n\u011bm lze pr\u00fd p\u0159epravovat i ly\u017e\u00e1ky, co\u017e u mnoh\u00fdch batoh\u016f nelze, proto\u017ee jsou u\u017e\u0161\u00ed a vy\u0161\u0161\u00ed.<\/p>\n<p>6. <a href=\"http:\/\/www.mall.cz\/turisticke-batohy\/doldy-pumori-55-cordura?v=174617\">http:\/\/www.mall.cz\/turisticke-batohy\/doldy-pumori-55-cordura?v=174617<\/a><br \/>\n&#8211; tento batoh m\u00e1 mysl\u00edm u n\u00e1s ve st\u0159edisku Petr Povoln\u00fd, mo\u017en\u00e1 podobn\u00fd &#8211; zeptat se.<\/p>\n<p>7. <a href=\"http:\/\/www.hudy.cz\/batohy-zavazadla\/batohy\/turisticke-batohy\/#99757,eclipse-60-10.html\">http:\/\/www.hudy.cz\/batohy-zavazadla\/batohy\/turisticke-batohy\/#99757,eclipse-60-10.html<\/a><br \/>\n&#8211; pom\u011brn\u011b jednoduch\u00fd batoh, pr\u00fd je to leto\u0161n\u00ed hit, cena je pom\u011brn\u011b zaj\u00edmav\u00e1, firma DEUTER pat\u0159\u00ed obvykle mezi dra\u017e\u0161\u00ed zna\u010dky, ale za to m\u00e1 kvalitn\u00ed v\u00fdrobky. Mysl\u00edm, \u017ee by o n\u011bm st\u00e1lo uva\u017eovat.<\/p>\n<p>8. <a href=\"http:\/\/www.makalu.cz\/batohy-51-65-l\/treksport-patagonia-4-x--60\">http:\/\/www.makalu.cz\/batohy-51-65-l\/treksport-patagonia-4-x&#8211;60<\/a><br \/>\n-tento typ batohu m\u00e1 mysl\u00edm Lucka \u0160kodov\u00e1 &#8211; Tyki.<\/p>\n<p>9. <a href=\"http:\/\/www.makalu.cz\/batohy-nad-65-l\/treksport-tatran-q-60-10-l\">http:\/\/www.makalu.cz\/batohy-nad-65-l\/treksport-tatran-q-60-10-l<\/a><br \/>\n-batoh vy\u0161\u0161\u00ed cenov\u00e9 t\u0159\u00eddy, ale m\u00e1 spoustu praktick\u00fdch vychyt\u00e1vek.<\/p>\n<p>&#8211; Vertik\u00e1ln\u00ed zipsov\u00fd vstup do hlavn\u00ed komory(tj. batoh se pln\u00ed ze shora, ale lze do n\u011bj vl\u00e9zt i zep\u0159edu)<br \/>\n&#8211; Kompresn\u00ed popruh pod vrchl\u00edkem (dobr\u00e1 pom\u016fcka p\u0159i balen\u00ed batohu)<br \/>\n&#8211; Integrovan\u00e1 p\u0159ihr\u00e1dka a v\u00fdstup pro Drinking Bag System (DBS)<br \/>\n&#8211; Integrovan\u00fd Raincover(pl\u00e1\u0161t\u011bnka na batoh &#8211; lze si ji dokoupit k jak\u00e9mu koliv batohu)<br \/>\n&#8211; 3M reflexn\u00ed ochrann\u00e9 prvky (vhodn\u00fd bezpe\u010dnostn\u00ed prvek, ale lze si dokoupit k jak\u00e9mu koliv batohu)<\/p>\n<p>10. <a href=\"http:\/\/www.kpzet.cz\/batohy\/batohy.html\">http:\/\/www.kpzet.cz\/batohy\/batohy.html<\/a><br \/>\n&#8211; firma, kter\u00e1 batohy vyr\u00e1b\u00ed, tak je a\u017e z Chomutova, ale tvo\u0159\u00ed batohy na z\u00e1klad\u011b znalosti skautsk\u00e9ho prost\u0159ed\u00ed(viz. n\u011bkter\u00e9 n\u00e1zvy).<\/p>\n<p>Avant\u00a0 &#8211; jednoduch\u00fd batoh, velice podobn\u00fd batoh\u016fm GEMMA, s t\u00edm \u017ee batoh i s p\u0159\u00edslu\u0161enstv\u00edm stoj\u00ed to co GEMMA bez p\u0159\u00edslu\u0161enstv\u00ed. Ob\u00e1v\u00e1m se, \u017ee nebude m\u00edt tento batoh tak kvalitn\u00ed popruhy, a vizueln\u011b bude hodn\u011b prost\u00fd.<\/p>\n<p>Gr\u00f3 &#8211; cenov\u011b m\u00e9n\u011b n\u00e1ro\u010dn\u00fd batoh. Jeho\u00a0 nev\u00fdhodou si mysl\u00edm, \u017ee budou h\u016f\u0159e polstrovan\u00e9 nosn\u00e9 popruhy a bedern\u00ed p\u00e1s + nenastaviteln\u00fd z\u00e1dov\u00fd syst\u00e9m.<\/p>\n<p>Raven &#8211; cenov\u011b asi nejm\u00e9n\u011b n\u00e1ro\u010dn\u00fd batoh. Tyto batohy jsou k dispozici k zap\u016fj\u010den\u00ed v na\u0161\u00ed klubovn\u011b. Jeho nev\u00fdhodou jsou \u00fazk\u00e9 a m\u00e1lo polstrovan\u00e9 nosn\u00e9 popruhy a bedern\u00ed p\u00e1s + nenastaviteln\u00fd z\u00e1dov\u00fd syst\u00e9m. Pln\u011bn\u00ed pouze ze shora. Jinak s t\u00edmto batohem odskautovalo mnoho na\u0161ich \u010dlen\u016f, a n\u011bkte\u0159\u00ed jsou s nimi vid\u011bt dodnes.<\/p>\n","protected":false},"excerpt":{"rendered":"<p>Zdrav\u00edm \u010dleny 5, odd\u00edlu, rodi\u010de a n\u00e1hodn\u00e9 \u010dten\u00e1\u0159e, c\u00edlem n\u00e1sleduj\u00edc\u00edho \u010dl\u00e1nku, je \u010dten\u00e1\u0159e obezn\u00e1mit s t\u00edm na co si d\u00e1t pozor, kdy\u017e vyb\u00edr\u00e1me vhodn\u00fd batoh. N\u00ed\u017ee jsem pak vybral typy\u00a0batoh\u016f, [&hellip;]<\/p>\n","protected":false},"author":2,"featured_media":0,"parent":64,"menu_order":0,"comment_status":"open","ping_status":"open","template":"","meta":{"footnotes":""},"class_list":["post-339","page","type-page","status-publish","hentry"],"_links":{"self":[{"href":"https:\/\/hvezda.orlicemb.cz\/subdom\/hvezda\/wp-json\/wp\/v2\/pages\/339","targetHints":{"allow":["GET"]}}],"collection":[{"href":"https:\/\/hvezda.orlicemb.cz\/subdom\/hvezda\/wp-json\/wp\/v2\/pages"}],"about":[{"href":"https:\/\/hvezda.orlicemb.cz\/subdom\/hvezda\/wp-json\/wp\/v2\/types\/page"}],"author":[{"embeddable":true,"href":"https:\/\/hvezda.orlicemb.cz\/subdom\/hvezda\/wp-json\/wp\/v2\/users\/2"}],"replies":[{"embeddable":true,"href":"https:\/\/hvezda.orlicemb.cz\/subdom\/hvezda\/wp-json\/wp\/v2\/comments?post=339"}],"version-history":[{"count":2,"href":"https:\/\/hvezda.orlicemb.cz\/subdom\/hvezda\/wp-json\/wp\/v2\/pages\/339\/revisions"}],"predecessor-version":[{"id":1612,"href":"https:\/\/hvezda.orlicemb.cz\/subdom\/hvezda\/wp-json\/wp\/v2\/pages\/339\/revisions\/1612"}],"up":[{"embeddable":true,"href":"https:\/\/hvezda.orlicemb.cz\/subdom\/hvezda\/wp-json\/wp\/v2\/pages\/64"}],"wp:attachment":[{"href":"https:\/\/hvezda.orlicemb.cz\/subdom\/hvezda\/wp-json\/wp\/v2\/media?parent=339"}],"curies":[{"name":"wp","href":"https:\/\/api.w.org\/{rel}","templated":true}]}}