{"id":247,"date":"2014-11-01T22:32:17","date_gmt":"2014-11-01T21:32:17","guid":{"rendered":"http:\/\/hvezda.orlicemb.cz\/subdom\/hvezda\/?page_id=247"},"modified":"2025-10-01T14:24:16","modified_gmt":"2025-10-01T13:24:16","slug":"orly","status":"publish","type":"page","link":"https:\/\/hvezda.orlicemb.cz\/subdom\/hvezda\/o-nas\/orly\/","title":{"rendered":"Orly"},"content":{"rendered":"\n<p><strong>R\u00e1dce dru\u017einy:<\/strong> Hook &#8211; V\u00e1clav Martenek<\/p>\n\n\n\n<p><strong>Podr\u00e1dce dru\u017einy:<\/strong> Pi\u0161kot &#8211; Tom\u00e1\u0161 Dvo\u0159\u00e1k<\/p>\n\n\n<h3><strong>Pok\u0159ik:<\/strong><\/h3>\n<p>My jsme Orly z Bud\u011bjovic,<\/p>\n<p>stav\u00edme se \u010delem k pr\u00e1ci,<\/p>\n<p>zn\u00e1me les a uzly nav\u00edc<\/p>\n<p>proto\u017ee jsme jun\u00e1ci!<\/p>\n<p style=\"text-align: left;\"><strong>*Pozn.:<\/strong> Y v n\u00e1zvu Orly je spr\u00e1vn\u011b, tato dru\u017eina tak byla pojmenov\u00e1na.<\/p>\n<p>\u00a0<\/p>\n\n\n<p><\/p>\n","protected":false},"excerpt":{"rendered":"<p>R\u00e1dce dru\u017einy: Hook &#8211; V\u00e1clav Martenek Podr\u00e1dce dru\u017einy: Pi\u0161kot &#8211; Tom\u00e1\u0161 Dvo\u0159\u00e1k Pok\u0159ik: My jsme Orly z Bud\u011bjovic, stav\u00edme se \u010delem k pr\u00e1ci, zn\u00e1me les a uzly nav\u00edc proto\u017ee jsme [&hellip;]<\/p>\n","protected":false},"author":2,"featured_media":0,"parent":66,"menu_order":1,"comment_status":"open","ping_status":"open","template":"","meta":{"footnotes":""},"class_list":["post-247","page","type-page","status-publish","hentry"],"_links":{"self":[{"href":"https:\/\/hvezda.orlicemb.cz\/subdom\/hvezda\/wp-json\/wp\/v2\/pages\/247","targetHints":{"allow":["GET"]}}],"collection":[{"href":"https:\/\/hvezda.orlicemb.cz\/subdom\/hvezda\/wp-json\/wp\/v2\/pages"}],"about":[{"href":"https:\/\/hvezda.orlicemb.cz\/subdom\/hvezda\/wp-json\/wp\/v2\/types\/page"}],"author":[{"embeddable":true,"href":"https:\/\/hvezda.orlicemb.cz\/subdom\/hvezda\/wp-json\/wp\/v2\/users\/2"}],"replies":[{"embeddable":true,"href":"https:\/\/hvezda.orlicemb.cz\/subdom\/hvezda\/wp-json\/wp\/v2\/comments?post=247"}],"version-history":[{"count":25,"href":"https:\/\/hvezda.orlicemb.cz\/subdom\/hvezda\/wp-json\/wp\/v2\/pages\/247\/revisions"}],"predecessor-version":[{"id":1845,"href":"https:\/\/hvezda.orlicemb.cz\/subdom\/hvezda\/wp-json\/wp\/v2\/pages\/247\/revisions\/1845"}],"up":[{"embeddable":true,"href":"https:\/\/hvezda.orlicemb.cz\/subdom\/hvezda\/wp-json\/wp\/v2\/pages\/66"}],"wp:attachment":[{"href":"https:\/\/hvezda.orlicemb.cz\/subdom\/hvezda\/wp-json\/wp\/v2\/media?parent=247"}],"curies":[{"name":"wp","href":"https:\/\/api.w.org\/{rel}","templated":true}]}}