{"id":163,"date":"2014-11-01T17:11:16","date_gmt":"2014-11-01T16:11:16","guid":{"rendered":"http:\/\/hvezda.orlicemb.cz\/subdom\/hvezda\/?page_id=163"},"modified":"2025-01-15T13:11:28","modified_gmt":"2025-01-15T12:11:28","slug":"kontakt","status":"publish","type":"page","link":"https:\/\/hvezda.orlicemb.cz\/subdom\/hvezda\/kontakt\/","title":{"rendered":"Kontakt"},"content":{"rendered":"<p><strong>St\u0159edisko Moravsk\u00e1 Orlice Moravsk\u00e9 Bud\u011bjovice 614.04<\/strong><\/p>\n<p><strong>5. odd\u00edl Hv\u011bzda<\/strong><\/p>\n<p><strong>Blahoslavova 1697<br \/>\n<\/strong><\/p>\n<p><strong>676 02 Moravsk\u00e9 Bud\u011bjovice\u00a0<\/strong><\/p>\n<p><strong>Vedouc\u00ed odd\u00edlu<\/strong><\/p>\n<p>Vojt\u011bch Brhl\u00edk &#8211; \u0160v\u00e1\u0148a<\/p>\n<p>tel. :\u00a0731 078 520<\/p>\n<p>e- mail: <a href=\"mailto:vojta.brhlik@seznam.cz\">vojta.brhlik@seznam.cz<\/a><\/p>\n<p><strong>Z\u00e1stupce vedouc\u00edho odd\u00edlu<\/strong><\/p>\n<p>Mat\u011bj Kaidl &#8211; Maty<strong><br \/>\n<\/strong><\/p>\n<p>tel. : 739 824 305<\/p>\n<p>e- mail: <span data-sheets-root=\"1\"><a class=\"in-cell-link\" href=\"mailto:matej.kaidl@seznam.cz\" target=\"_blank\" rel=\"noopener\">matej.kaidl@seznam.cz<\/a><\/span><\/p>\n<p><iframe loading=\"lazy\" style=\"border: 0;\" src=\"https:\/\/www.google.com\/maps\/embed?pb=!1m18!1m12!1m3!1d2614.9461800932936!2d15.8084873!3d49.049646900000006!2m3!1f0!2f0!3f0!3m2!1i1024!2i768!4f13.1!3m3!1m2!1s0x470d4ee2d0adb21f%3A0x3d054f18b92ca88a!2sBlahoslavova%2C+676+02+Moravsk%C3%A9+Bud%C4%9Bjovice!5e0!3m2!1scs!2scz!4v1414858553634\" width=\"600\" height=\"450\" frameborder=\"0\"><\/iframe><\/p>\n","protected":false},"excerpt":{"rendered":"<p>St\u0159edisko Moravsk\u00e1 Orlice Moravsk\u00e9 Bud\u011bjovice 614.04 5. odd\u00edl Hv\u011bzda Blahoslavova 1697 676 02 Moravsk\u00e9 Bud\u011bjovice\u00a0 Vedouc\u00ed odd\u00edlu Vojt\u011bch Brhl\u00edk &#8211; \u0160v\u00e1\u0148a tel. :\u00a0731 078 520 e- mail: vojta.brhlik@seznam.cz Z\u00e1stupce vedouc\u00edho [&hellip;]<\/p>\n","protected":false},"author":2,"featured_media":0,"parent":0,"menu_order":0,"comment_status":"closed","ping_status":"open","template":"","meta":{"footnotes":""},"class_list":["post-163","page","type-page","status-publish","hentry"],"_links":{"self":[{"href":"https:\/\/hvezda.orlicemb.cz\/subdom\/hvezda\/wp-json\/wp\/v2\/pages\/163","targetHints":{"allow":["GET"]}}],"collection":[{"href":"https:\/\/hvezda.orlicemb.cz\/subdom\/hvezda\/wp-json\/wp\/v2\/pages"}],"about":[{"href":"https:\/\/hvezda.orlicemb.cz\/subdom\/hvezda\/wp-json\/wp\/v2\/types\/page"}],"author":[{"embeddable":true,"href":"https:\/\/hvezda.orlicemb.cz\/subdom\/hvezda\/wp-json\/wp\/v2\/users\/2"}],"replies":[{"embeddable":true,"href":"https:\/\/hvezda.orlicemb.cz\/subdom\/hvezda\/wp-json\/wp\/v2\/comments?post=163"}],"version-history":[{"count":16,"href":"https:\/\/hvezda.orlicemb.cz\/subdom\/hvezda\/wp-json\/wp\/v2\/pages\/163\/revisions"}],"predecessor-version":[{"id":1517,"href":"https:\/\/hvezda.orlicemb.cz\/subdom\/hvezda\/wp-json\/wp\/v2\/pages\/163\/revisions\/1517"}],"wp:attachment":[{"href":"https:\/\/hvezda.orlicemb.cz\/subdom\/hvezda\/wp-json\/wp\/v2\/media?parent=163"}],"curies":[{"name":"wp","href":"https:\/\/api.w.org\/{rel}","templated":true}]}}