{"id":153,"date":"2014-11-01T16:53:14","date_gmt":"2014-11-01T15:53:14","guid":{"rendered":"http:\/\/hvezda.orlicemb.cz\/subdom\/hvezda\/?page_id=153"},"modified":"2014-11-01T16:53:14","modified_gmt":"2014-11-01T15:53:14","slug":"2007-2008","status":"publish","type":"page","link":"https:\/\/hvezda.orlicemb.cz\/subdom\/hvezda\/fotogalerie\/2007-2008\/","title":{"rendered":"2007-2008"},"content":{"rendered":"<h3>Paintball<\/h3>\n<p>[pe2-gallery album=&#8220;http:\/\/picasaweb.google.com\/data\/feed\/base\/user\/118146414141994788124\/albumid\/5460109916672100849?alt=rss&amp;hl=en_US&amp;kind=photo&#8220; ]<\/p>\n<h3>Zah\u00e1jen\u00ed hry COMMANDOS<\/h3>\n<p>[pe2-gallery album=&#8220;http:\/\/picasaweb.google.com\/data\/feed\/base\/user\/118146414141994788124\/albumid\/5460113327724286417?alt=rss&amp;hl=en_US&amp;kind=photo&#8220; ]<\/p>\n<h3>V\u00fdprava &#8211; \u0160imperk<\/h3>\n<p>[pe2-gallery album=&#8220;http:\/\/picasaweb.google.com\/data\/feed\/base\/user\/118146414141994788124\/albumid\/5460109080506187953?alt=rss&amp;hl=en_US&amp;kind=photo&#8220; ]<\/p>\n<h3>Otv\u00edr\u00e1n\u00ed hory<\/h3>\n<p>[pe2-gallery album=&#8220;http:\/\/picasaweb.google.com\/data\/feed\/base\/user\/118146414141994788124\/albumid\/5460126243593296065?alt=rss&amp;hl=en_US&amp;kind=photo&#8220; ]<\/p>\n","protected":false},"excerpt":{"rendered":"<p>Paintball [pe2-gallery album=&#8220;http:\/\/picasaweb.google.com\/data\/feed\/base\/user\/118146414141994788124\/albumid\/5460109916672100849?alt=rss&amp;hl=en_US&amp;kind=photo&#8220; ] Zah\u00e1jen\u00ed hry COMMANDOS [pe2-gallery album=&#8220;http:\/\/picasaweb.google.com\/data\/feed\/base\/user\/118146414141994788124\/albumid\/5460113327724286417?alt=rss&amp;hl=en_US&amp;kind=photo&#8220; ] V\u00fdprava &#8211; \u0160imperk [pe2-gallery album=&#8220;http:\/\/picasaweb.google.com\/data\/feed\/base\/user\/118146414141994788124\/albumid\/5460109080506187953?alt=rss&amp;hl=en_US&amp;kind=photo&#8220; ] Otv\u00edr\u00e1n\u00ed hory [pe2-gallery album=&#8220;http:\/\/picasaweb.google.com\/data\/feed\/base\/user\/118146414141994788124\/albumid\/5460126243593296065?alt=rss&amp;hl=en_US&amp;kind=photo&#8220; ]<\/p>\n","protected":false},"author":2,"featured_media":0,"parent":100,"menu_order":8,"comment_status":"open","ping_status":"open","template":"","meta":{"footnotes":""},"class_list":["post-153","page","type-page","status-publish","hentry"],"_links":{"self":[{"href":"https:\/\/hvezda.orlicemb.cz\/subdom\/hvezda\/wp-json\/wp\/v2\/pages\/153","targetHints":{"allow":["GET"]}}],"collection":[{"href":"https:\/\/hvezda.orlicemb.cz\/subdom\/hvezda\/wp-json\/wp\/v2\/pages"}],"about":[{"href":"https:\/\/hvezda.orlicemb.cz\/subdom\/hvezda\/wp-json\/wp\/v2\/types\/page"}],"author":[{"embeddable":true,"href":"https:\/\/hvezda.orlicemb.cz\/subdom\/hvezda\/wp-json\/wp\/v2\/users\/2"}],"replies":[{"embeddable":true,"href":"https:\/\/hvezda.orlicemb.cz\/subdom\/hvezda\/wp-json\/wp\/v2\/comments?post=153"}],"version-history":[{"count":1,"href":"https:\/\/hvezda.orlicemb.cz\/subdom\/hvezda\/wp-json\/wp\/v2\/pages\/153\/revisions"}],"predecessor-version":[{"id":154,"href":"https:\/\/hvezda.orlicemb.cz\/subdom\/hvezda\/wp-json\/wp\/v2\/pages\/153\/revisions\/154"}],"up":[{"embeddable":true,"href":"https:\/\/hvezda.orlicemb.cz\/subdom\/hvezda\/wp-json\/wp\/v2\/pages\/100"}],"wp:attachment":[{"href":"https:\/\/hvezda.orlicemb.cz\/subdom\/hvezda\/wp-json\/wp\/v2\/media?parent=153"}],"curies":[{"name":"wp","href":"https:\/\/api.w.org\/{rel}","templated":true}]}}