{"id":100,"date":"2014-11-01T15:41:41","date_gmt":"2014-11-01T14:41:41","guid":{"rendered":"http:\/\/hvezda.orlicemb.cz\/subdom\/hvezda\/?page_id=100"},"modified":"2025-08-10T08:39:47","modified_gmt":"2025-08-10T07:39:47","slug":"fotogalerie","status":"publish","type":"page","link":"https:\/\/hvezda.orlicemb.cz\/subdom\/hvezda\/fotogalerie\/","title":{"rendered":"Fotogalerie"},"content":{"rendered":"<h4 style=\"text-align: center;\">V t\u00e9to rubrice najdete fotky z na\u0161\u00edch akc\u00ed, na kter\u00fdch jsme je\u0161t\u011b stihli fotit.<\/h4>\n<h4 style=\"text-align: center;\"><a href=\"https:\/\/eu.zonerama.com\/5oddilHvezda\/202670\" target=\"_blank\" rel=\"noopener\">Na\u0161e Fotogalerie<\/a><\/h4>\n\n<h4 style=\"text-align: center;\">\u00a0<\/h4>\n<h4 style=\"text-align: center;\"><a href=\"https:\/\/petkamb.rajce.idnes.cz\/\">Archiv (2015 a star\u0161\u00ed)<\/a><\/h4>\n\n\n<p><\/p>\n","protected":false},"excerpt":{"rendered":"<p>V t\u00e9to rubrice najdete fotky z na\u0161\u00edch akc\u00ed, na kter\u00fdch jsme je\u0161t\u011b stihli fotit. Na\u0161e Fotogalerie \u00a0 Archiv (2015 a star\u0161\u00ed)<\/p>\n","protected":false},"author":2,"featured_media":0,"parent":0,"menu_order":6,"comment_status":"open","ping_status":"open","template":"","meta":{"footnotes":""},"class_list":["post-100","page","type-page","status-publish","hentry"],"_links":{"self":[{"href":"https:\/\/hvezda.orlicemb.cz\/subdom\/hvezda\/wp-json\/wp\/v2\/pages\/100","targetHints":{"allow":["GET"]}}],"collection":[{"href":"https:\/\/hvezda.orlicemb.cz\/subdom\/hvezda\/wp-json\/wp\/v2\/pages"}],"about":[{"href":"https:\/\/hvezda.orlicemb.cz\/subdom\/hvezda\/wp-json\/wp\/v2\/types\/page"}],"author":[{"embeddable":true,"href":"https:\/\/hvezda.orlicemb.cz\/subdom\/hvezda\/wp-json\/wp\/v2\/users\/2"}],"replies":[{"embeddable":true,"href":"https:\/\/hvezda.orlicemb.cz\/subdom\/hvezda\/wp-json\/wp\/v2\/comments?post=100"}],"version-history":[{"count":3,"href":"https:\/\/hvezda.orlicemb.cz\/subdom\/hvezda\/wp-json\/wp\/v2\/pages\/100\/revisions"}],"predecessor-version":[{"id":1828,"href":"https:\/\/hvezda.orlicemb.cz\/subdom\/hvezda\/wp-json\/wp\/v2\/pages\/100\/revisions\/1828"}],"wp:attachment":[{"href":"https:\/\/hvezda.orlicemb.cz\/subdom\/hvezda\/wp-json\/wp\/v2\/media?parent=100"}],"curies":[{"name":"wp","href":"https:\/\/api.w.org\/{rel}","templated":true}]}}